{"id":20,"date":"2025-05-02T13:03:46","date_gmt":"2025-05-02T13:03:46","guid":{"rendered":"https:\/\/edasp.com.gt\/?page_id=20"},"modified":"2025-05-02T16:23:14","modified_gmt":"2025-05-02T16:23:14","slug":"inicio","status":"publish","type":"page","link":"https:\/\/edasp.com.gt\/","title":{"rendered":"Inicio"},"content":{"rendered":"\t\t<div data-elementor-type=\"wp-page\" data-elementor-id=\"20\" class=\"elementor elementor-20\">\n\t\t\t\t<div class=\"elementor-element elementor-element-588fdce e-flex e-con-boxed e-con e-parent\" data-id=\"588fdce\" data-element_type=\"container\">\n\t\t\t\t\t<div class=\"e-con-inner\">\n\t\t\t\t<div class=\"elementor-element elementor-element-042dab1 elementor-widget elementor-widget-text-editor\" data-id=\"042dab1\" data-element_type=\"widget\" data-widget_type=\"text-editor.default\">\n\t\t\t\t<div class=\"elementor-widget-container\">\n\t\t\t\t\t\t\t\t\t<p><strong>En EDASP somos especialistas en la detecci\u00f3n de agua subterr\u00e1nea, perforaci\u00f3n de pozos y tratamientos integrales de agua. Brindamos soluciones confiables para sistemas de riego, consumo humano, industrial y ganadero en toda Guatemala, utilizando tecnolog\u00eda avanzada y un enfoque profesional adaptado a cada necesidad.<\/strong><\/p>\t\t\t\t\t\t\t\t<\/div>\n\t\t\t\t<\/div>\n\t\t\t\t\t<\/div>\n\t\t\t\t<\/div>\n\t\t\t\t<\/div>\n\t\t","protected":false},"excerpt":{"rendered":"<p>En EDASP somos especialistas en la detecci\u00f3n de agua subterr\u00e1nea, perforaci\u00f3n de pozos y tratamientos integrales de agua. Brindamos soluciones confiables para sistemas de riego, consumo humano, industrial y ganadero en toda Guatemala, utilizando tecnolog\u00eda&hellip;<\/p>\n","protected":false},"author":1,"featured_media":0,"parent":22,"menu_order":0,"comment_status":"closed","ping_status":"closed","template":"","meta":{"footnotes":""},"class_list":["post-20","page","type-page","status-publish","hentry"],"_links":{"self":[{"href":"https:\/\/edasp.com.gt\/index.php\/wp-json\/wp\/v2\/pages\/20","targetHints":{"allow":["GET"]}}],"collection":[{"href":"https:\/\/edasp.com.gt\/index.php\/wp-json\/wp\/v2\/pages"}],"about":[{"href":"https:\/\/edasp.com.gt\/index.php\/wp-json\/wp\/v2\/types\/page"}],"author":[{"embeddable":true,"href":"https:\/\/edasp.com.gt\/index.php\/wp-json\/wp\/v2\/users\/1"}],"replies":[{"embeddable":true,"href":"https:\/\/edasp.com.gt\/index.php\/wp-json\/wp\/v2\/comments?post=20"}],"version-history":[{"count":6,"href":"https:\/\/edasp.com.gt\/index.php\/wp-json\/wp\/v2\/pages\/20\/revisions"}],"predecessor-version":[{"id":55,"href":"https:\/\/edasp.com.gt\/index.php\/wp-json\/wp\/v2\/pages\/20\/revisions\/55"}],"up":[{"embeddable":true,"href":"https:\/\/edasp.com.gt\/index.php\/wp-json\/wp\/v2\/pages\/22"}],"wp:attachment":[{"href":"https:\/\/edasp.com.gt\/index.php\/wp-json\/wp\/v2\/media?parent=20"}],"curies":[{"name":"wp","href":"https:\/\/api.w.org\/{rel}","templated":true}]}}